{"id":130,"date":"2015-11-26T23:21:49","date_gmt":"2015-11-26T23:21:49","guid":{"rendered":"http:\/\/unideas.com.mx\/?page_id=130"},"modified":"2016-01-21T23:33:16","modified_gmt":"2016-01-21T23:33:16","slug":"proyecto-interior","status":"publish","type":"page","link":"http:\/\/unideas.com.mx\/?page_id=130","title":{"rendered":"Proyecto Interior"},"content":{"rendered":"<p>[et_pb_section][et_pb_row][et_pb_column type=\u00bb4_4&#8243;][et_pb_image admin_label=\u00bbProyecto interior\u00bb src=\u00bbhttp:\/\/unideas.com.mx\/wp-content\/uploads\/2015\/02\/2015-proyecto-interior.gif\u00bb show_in_lightbox=\u00bboff\u00bb url_new_window=\u00bboff\u00bb animation=\u00bbleft\u00bb sticky=\u00bboff\u00bb \/][et_pb_testimonial admin_label=\u00bbDefine Proyecto Interior\u00bb url_new_window=\u00bboff\u00bb quote_icon=\u00bbon\u00bb use_background_color=\u00bbon\u00bb background_color=\u00bb#f5f5f5&#8243; background_layout=\u00bblight\u00bb text_orientation=\u00bbleft\u00bb]<\/p>\n<p>Se realiza mediante un estudio de espacio y necesidades, donde se define concepto, colores y estilo. Se realiza propuesta con elementos como son:<\/p>\n<p>Funci\u00f3n, necesidades, espacio, distribuci\u00f3n, mobiliario, iluminaci\u00f3n, sistemas, acabados y automatizaci\u00f3n.<\/p>\n<p>Una vez definido el proyecto se entregan planos, especificaciones y fichas t\u00e9cnicas para su ejecuci\u00f3n.<\/p>\n<p>[\/et_pb_testimonial][et_pb_image admin_label=\u00bbImagen\u00bb show_in_lightbox=\u00bboff\u00bb url_new_window=\u00bboff\u00bb animation=\u00bbleft\u00bb sticky=\u00bboff\u00bb \/][\/et_pb_column][\/et_pb_row][\/et_pb_section]<\/p>\n","protected":false},"excerpt":{"rendered":"<p>[et_pb_section][et_pb_row][et_pb_column type=\u00bb4_4&#8243;][et_pb_image admin_label=\u00bbProyecto interior\u00bb src=\u00bbhttp:\/\/unideas.com.mx\/wp-content\/uploads\/2015\/02\/2015-proyecto-interior.gif\u00bb show_in_lightbox=\u00bboff\u00bb url_new_window=\u00bboff\u00bb animation=\u00bbleft\u00bb sticky=\u00bboff\u00bb \/][et_pb_testimonial admin_label=\u00bbDefine Proyecto Interior\u00bb url_new_window=\u00bboff\u00bb quote_icon=\u00bbon\u00bb use_background_color=\u00bbon\u00bb background_color=\u00bb#f5f5f5&#8243; background_layout=\u00bblight\u00bb text_orientation=\u00bbleft\u00bb] Se realiza mediante un estudio de espacio y necesidades, donde se define concepto, colores y estilo. Se realiza propuesta con elementos como son: Funci\u00f3n, necesidades, espacio, distribuci\u00f3n, mobiliario, iluminaci\u00f3n, sistemas, acabados y automatizaci\u00f3n. Una vez definido [&hellip;]<\/p>\n","protected":false},"author":1,"featured_media":0,"parent":0,"menu_order":2,"comment_status":"closed","ping_status":"closed","template":"","meta":{"_et_pb_use_builder":"on","_et_pb_old_content":"","_et_gb_content_width":"","footnotes":""},"class_list":["post-130","page","type-page","status-publish","hentry"],"_links":{"self":[{"href":"http:\/\/unideas.com.mx\/index.php?rest_route=\/wp\/v2\/pages\/130","targetHints":{"allow":["GET"]}}],"collection":[{"href":"http:\/\/unideas.com.mx\/index.php?rest_route=\/wp\/v2\/pages"}],"about":[{"href":"http:\/\/unideas.com.mx\/index.php?rest_route=\/wp\/v2\/types\/page"}],"author":[{"embeddable":true,"href":"http:\/\/unideas.com.mx\/index.php?rest_route=\/wp\/v2\/users\/1"}],"replies":[{"embeddable":true,"href":"http:\/\/unideas.com.mx\/index.php?rest_route=%2Fwp%2Fv2%2Fcomments&post=130"}],"version-history":[{"count":10,"href":"http:\/\/unideas.com.mx\/index.php?rest_route=\/wp\/v2\/pages\/130\/revisions"}],"predecessor-version":[{"id":196,"href":"http:\/\/unideas.com.mx\/index.php?rest_route=\/wp\/v2\/pages\/130\/revisions\/196"}],"wp:attachment":[{"href":"http:\/\/unideas.com.mx\/index.php?rest_route=%2Fwp%2Fv2%2Fmedia&parent=130"}],"curies":[{"name":"wp","href":"https:\/\/api.w.org\/{rel}","templated":true}]}}