{"id":175,"date":"2016-01-21T22:30:36","date_gmt":"2016-01-21T22:30:36","guid":{"rendered":"http:\/\/unideas.com.mx\/?page_id=175"},"modified":"2016-01-21T23:34:01","modified_gmt":"2016-01-21T23:34:01","slug":"diseno-industrial","status":"publish","type":"page","link":"http:\/\/unideas.com.mx\/?page_id=175","title":{"rendered":"Dise\u00f1o Industrial"},"content":{"rendered":"<p>[et_pb_section][et_pb_row][et_pb_column type=\u00bb4_4&#8243;][et_pb_image admin_label=\u00bbDise\u00f1o indusrtrial\u00bb src=\u00bbhttp:\/\/unideas.com.mx\/wp-content\/uploads\/2015\/02\/2015-dise\u00f1o-industrial.gif\u00bb show_in_lightbox=\u00bboff\u00bb url_new_window=\u00bboff\u00bb animation=\u00bbleft\u00bb sticky=\u00bboff\u00bb \/][et_pb_testimonial admin_label=\u00bbDefine Dise\u00f1o industrial\u00bb url_new_window=\u00bboff\u00bb quote_icon=\u00bbon\u00bb use_background_color=\u00bbon\u00bb background_color=\u00bb#f5f5f5&#8243; background_layout=\u00bblight\u00bb text_orientation=\u00bbleft\u00bb]<\/p>\n<p>Dise\u00f1ador industrial, definici\u00f3n :<\/p>\n<p>Profesional creativo que tiene por fin proyectar objetos que se\u00e1n \u00fatiles y est\u00e9ticos.<\/p>\n<p>Creamos objetos utilitarios, que no se encuentran en el mercado, debido a especificaciones y funciones particulares.<\/p>\n<p>Nos especializamos en el dise\u00f1o e intregraci\u00f3n de mobiliario.<\/p>\n<p>[\/et_pb_testimonial][\/et_pb_column][\/et_pb_row][\/et_pb_section]<\/p>\n","protected":false},"excerpt":{"rendered":"<p>[et_pb_section][et_pb_row][et_pb_column type=\u00bb4_4&#8243;][et_pb_image admin_label=\u00bbDise\u00f1o indusrtrial\u00bb src=\u00bbhttp:\/\/unideas.com.mx\/wp-content\/uploads\/2015\/02\/2015-dise\u00f1o-industrial.gif\u00bb show_in_lightbox=\u00bboff\u00bb url_new_window=\u00bboff\u00bb animation=\u00bbleft\u00bb sticky=\u00bboff\u00bb \/][et_pb_testimonial admin_label=\u00bbDefine Dise\u00f1o industrial\u00bb url_new_window=\u00bboff\u00bb quote_icon=\u00bbon\u00bb use_background_color=\u00bbon\u00bb background_color=\u00bb#f5f5f5&#8243; background_layout=\u00bblight\u00bb text_orientation=\u00bbleft\u00bb] Dise\u00f1ador industrial, definici\u00f3n : Profesional creativo que tiene por fin proyectar objetos que se\u00e1n \u00fatiles y est\u00e9ticos. Creamos objetos utilitarios, que no se encuentran en el mercado, debido a especificaciones y funciones particulares. Nos especializamos en [&hellip;]<\/p>\n","protected":false},"author":1,"featured_media":0,"parent":0,"menu_order":3,"comment_status":"closed","ping_status":"closed","template":"","meta":{"_et_pb_use_builder":"on","_et_pb_old_content":"","_et_gb_content_width":"","footnotes":""},"class_list":["post-175","page","type-page","status-publish","hentry"],"_links":{"self":[{"href":"http:\/\/unideas.com.mx\/index.php?rest_route=\/wp\/v2\/pages\/175","targetHints":{"allow":["GET"]}}],"collection":[{"href":"http:\/\/unideas.com.mx\/index.php?rest_route=\/wp\/v2\/pages"}],"about":[{"href":"http:\/\/unideas.com.mx\/index.php?rest_route=\/wp\/v2\/types\/page"}],"author":[{"embeddable":true,"href":"http:\/\/unideas.com.mx\/index.php?rest_route=\/wp\/v2\/users\/1"}],"replies":[{"embeddable":true,"href":"http:\/\/unideas.com.mx\/index.php?rest_route=%2Fwp%2Fv2%2Fcomments&post=175"}],"version-history":[{"count":6,"href":"http:\/\/unideas.com.mx\/index.php?rest_route=\/wp\/v2\/pages\/175\/revisions"}],"predecessor-version":[{"id":197,"href":"http:\/\/unideas.com.mx\/index.php?rest_route=\/wp\/v2\/pages\/175\/revisions\/197"}],"wp:attachment":[{"href":"http:\/\/unideas.com.mx\/index.php?rest_route=%2Fwp%2Fv2%2Fmedia&parent=175"}],"curies":[{"name":"wp","href":"https:\/\/api.w.org\/{rel}","templated":true}]}}