{"id":177,"date":"2016-01-21T22:39:59","date_gmt":"2016-01-21T22:39:59","guid":{"rendered":"http:\/\/unideas.com.mx\/?page_id=177"},"modified":"2016-01-21T23:26:43","modified_gmt":"2016-01-21T23:26:43","slug":"supervision-logistica-y-gestion","status":"publish","type":"page","link":"http:\/\/unideas.com.mx\/?page_id=177","title":{"rendered":"Supervisi\u00f3n, log\u00edstica y gesti\u00f3n"},"content":{"rendered":"<p>[et_pb_section][et_pb_row][et_pb_column type=\u00bb4_4&#8243;][et_pb_image admin_label=\u00bbSupervisi\u00f3n \u00bb src=\u00bbhttp:\/\/unideas.com.mx\/wp-content\/uploads\/2015\/02\/2015-supervisi\u00f3n-.gif\u00bb show_in_lightbox=\u00bboff\u00bb url_new_window=\u00bboff\u00bb animation=\u00bbleft\u00bb sticky=\u00bboff\u00bb \/][et_pb_testimonial admin_label=\u00bbDefine supervisi\u00f3n\u00bb url_new_window=\u00bboff\u00bb quote_icon=\u00bbon\u00bb use_background_color=\u00bbon\u00bb background_color=\u00bb#f5f5f5&#8243; background_layout=\u00bblight\u00bb text_orientation=\u00bbleft\u00bb]<\/p>\n<p>Nos encargamos del m\u00ednimo detalle para que el dise\u00f1o del espacio cumpla con las<br \/>\nespecificaciones planteadas en el proyecto.<\/p>\n<p>Dirigimos y gestionamos compra, arrivo de material, colocaci\u00f3n e insatalaci\u00f3n.<\/p>\n<p>Contamos con una red de socios y especialistas en su ramo, para efectuar<br \/>\nmantenimiento en inmuebles.<\/p>\n<p>[\/et_pb_testimonial][et_pb_image admin_label=\u00bbImagen\u00bb show_in_lightbox=\u00bboff\u00bb url_new_window=\u00bboff\u00bb animation=\u00bbleft\u00bb sticky=\u00bboff\u00bb \/][\/et_pb_column][\/et_pb_row][\/et_pb_section]<\/p>\n","protected":false},"excerpt":{"rendered":"<p>[et_pb_section][et_pb_row][et_pb_column type=\u00bb4_4&#8243;][et_pb_image admin_label=\u00bbSupervisi\u00f3n \u00bb src=\u00bbhttp:\/\/unideas.com.mx\/wp-content\/uploads\/2015\/02\/2015-supervisi\u00f3n-.gif\u00bb show_in_lightbox=\u00bboff\u00bb url_new_window=\u00bboff\u00bb animation=\u00bbleft\u00bb sticky=\u00bboff\u00bb \/][et_pb_testimonial admin_label=\u00bbDefine supervisi\u00f3n\u00bb url_new_window=\u00bboff\u00bb quote_icon=\u00bbon\u00bb use_background_color=\u00bbon\u00bb background_color=\u00bb#f5f5f5&#8243; background_layout=\u00bblight\u00bb text_orientation=\u00bbleft\u00bb] Nos encargamos del m\u00ednimo detalle para que el dise\u00f1o del espacio cumpla con las especificaciones planteadas en el proyecto. Dirigimos y gestionamos compra, arrivo de material, colocaci\u00f3n e insatalaci\u00f3n. Contamos con una red de socios y especialistas [&hellip;]<\/p>\n","protected":false},"author":1,"featured_media":0,"parent":0,"menu_order":4,"comment_status":"closed","ping_status":"closed","template":"","meta":{"_et_pb_use_builder":"on","_et_pb_old_content":"","_et_gb_content_width":"","footnotes":""},"class_list":["post-177","page","type-page","status-publish","hentry"],"_links":{"self":[{"href":"http:\/\/unideas.com.mx\/index.php?rest_route=\/wp\/v2\/pages\/177","targetHints":{"allow":["GET"]}}],"collection":[{"href":"http:\/\/unideas.com.mx\/index.php?rest_route=\/wp\/v2\/pages"}],"about":[{"href":"http:\/\/unideas.com.mx\/index.php?rest_route=\/wp\/v2\/types\/page"}],"author":[{"embeddable":true,"href":"http:\/\/unideas.com.mx\/index.php?rest_route=\/wp\/v2\/users\/1"}],"replies":[{"embeddable":true,"href":"http:\/\/unideas.com.mx\/index.php?rest_route=%2Fwp%2Fv2%2Fcomments&post=177"}],"version-history":[{"count":3,"href":"http:\/\/unideas.com.mx\/index.php?rest_route=\/wp\/v2\/pages\/177\/revisions"}],"predecessor-version":[{"id":191,"href":"http:\/\/unideas.com.mx\/index.php?rest_route=\/wp\/v2\/pages\/177\/revisions\/191"}],"wp:attachment":[{"href":"http:\/\/unideas.com.mx\/index.php?rest_route=%2Fwp%2Fv2%2Fmedia&parent=177"}],"curies":[{"name":"wp","href":"https:\/\/api.w.org\/{rel}","templated":true}]}}