{"id":182,"date":"2016-01-21T23:01:08","date_gmt":"2016-01-21T23:01:08","guid":{"rendered":"http:\/\/unideas.com.mx\/?page_id=182"},"modified":"2016-01-21T23:27:19","modified_gmt":"2016-01-21T23:27:19","slug":"venta-y-distribucion-por-pedido","status":"publish","type":"page","link":"http:\/\/unideas.com.mx\/?page_id=182","title":{"rendered":"Venta y distribuci\u00f3n por pedido"},"content":{"rendered":"<p>[et_pb_section][et_pb_row][et_pb_column type=\u00bb4_4&#8243;][et_pb_image admin_label=\u00bbVenta \u00bb src=\u00bbhttp:\/\/unideas.com.mx\/wp-content\/uploads\/2015\/02\/2015-venta-y-dis.gif\u00bb show_in_lightbox=\u00bboff\u00bb url_new_window=\u00bboff\u00bb animation=\u00bbleft\u00bb sticky=\u00bboff\u00bb \/][et_pb_testimonial admin_label=\u00bbDefine venta\u00bb url_new_window=\u00bboff\u00bb quote_icon=\u00bbon\u00bb use_background_color=\u00bbon\u00bb background_color=\u00bb#f5f5f5&#8243; background_layout=\u00bblight\u00bb text_orientation=\u00bbleft\u00bb]<\/p>\n<p>Contamos con v\u00ednculos comerciales para la distribuci\u00f3n de:<\/p>\n<ul>\n<li>Mobiliario y accesorios de alta especificaci\u00f3.<\/li>\n<li>Productos arquitect\u00f3nicos.<\/li>\n<\/ul>\n<p>[\/et_pb_testimonial][et_pb_image admin_label=\u00bbImagen\u00bb show_in_lightbox=\u00bboff\u00bb url_new_window=\u00bboff\u00bb animation=\u00bbleft\u00bb sticky=\u00bboff\u00bb \/][\/et_pb_column][\/et_pb_row][\/et_pb_section]<\/p>\n","protected":false},"excerpt":{"rendered":"<p>[et_pb_section][et_pb_row][et_pb_column type=\u00bb4_4&#8243;][et_pb_image admin_label=\u00bbVenta \u00bb src=\u00bbhttp:\/\/unideas.com.mx\/wp-content\/uploads\/2015\/02\/2015-venta-y-dis.gif\u00bb show_in_lightbox=\u00bboff\u00bb url_new_window=\u00bboff\u00bb animation=\u00bbleft\u00bb sticky=\u00bboff\u00bb \/][et_pb_testimonial admin_label=\u00bbDefine venta\u00bb url_new_window=\u00bboff\u00bb quote_icon=\u00bbon\u00bb use_background_color=\u00bbon\u00bb background_color=\u00bb#f5f5f5&#8243; background_layout=\u00bblight\u00bb text_orientation=\u00bbleft\u00bb] Contamos con v\u00ednculos comerciales para la distribuci\u00f3n de: Mobiliario y accesorios de alta especificaci\u00f3. Productos arquitect\u00f3nicos. [\/et_pb_testimonial][et_pb_image admin_label=\u00bbImagen\u00bb show_in_lightbox=\u00bboff\u00bb url_new_window=\u00bboff\u00bb animation=\u00bbleft\u00bb sticky=\u00bboff\u00bb \/][\/et_pb_column][\/et_pb_row][\/et_pb_section]<\/p>\n","protected":false},"author":1,"featured_media":0,"parent":0,"menu_order":5,"comment_status":"closed","ping_status":"closed","template":"","meta":{"_et_pb_use_builder":"on","_et_pb_old_content":"","_et_gb_content_width":"","footnotes":""},"class_list":["post-182","page","type-page","status-publish","hentry"],"_links":{"self":[{"href":"http:\/\/unideas.com.mx\/index.php?rest_route=\/wp\/v2\/pages\/182","targetHints":{"allow":["GET"]}}],"collection":[{"href":"http:\/\/unideas.com.mx\/index.php?rest_route=\/wp\/v2\/pages"}],"about":[{"href":"http:\/\/unideas.com.mx\/index.php?rest_route=\/wp\/v2\/types\/page"}],"author":[{"embeddable":true,"href":"http:\/\/unideas.com.mx\/index.php?rest_route=\/wp\/v2\/users\/1"}],"replies":[{"embeddable":true,"href":"http:\/\/unideas.com.mx\/index.php?rest_route=%2Fwp%2Fv2%2Fcomments&post=182"}],"version-history":[{"count":2,"href":"http:\/\/unideas.com.mx\/index.php?rest_route=\/wp\/v2\/pages\/182\/revisions"}],"predecessor-version":[{"id":192,"href":"http:\/\/unideas.com.mx\/index.php?rest_route=\/wp\/v2\/pages\/182\/revisions\/192"}],"wp:attachment":[{"href":"http:\/\/unideas.com.mx\/index.php?rest_route=%2Fwp%2Fv2%2Fmedia&parent=182"}],"curies":[{"name":"wp","href":"https:\/\/api.w.org\/{rel}","templated":true}]}}